{"id":21084,"date":"2022-02-26T18:13:31","date_gmt":"2022-02-26T18:13:31","guid":{"rendered":"https:\/\/www.torniongraniitti.fi\/product\/gravsten-modell-223\/"},"modified":"2022-02-26T18:13:31","modified_gmt":"2022-02-26T18:13:31","slug":"gravsten-modell-223","status":"publish","type":"product","link":"https:\/\/www.torniongraniitti.fi\/sv\/produkt\/gravsten-modell-223\/","title":{"rendered":"Gravsten Modell 223"},"content":{"rendered":"","protected":false},"excerpt":{"rendered":"<p>Modell 223 (j\u00e4rnfors), R\u00f6d granit, Brytna sidor, Bredd 90cm H\u00f6jd 70cm, Artica 32 bronslykta med rosenkors, bronssvanar 707901,707903, standard berggrund 25x140cm<\/p>\n","protected":false},"featured_media":20951,"template":"","meta":[],"product_cat":[210],"product_tag":[],"_links":{"self":[{"href":"https:\/\/www.torniongraniitti.fi\/sv\/wp-json\/wp\/v2\/product\/21084"}],"collection":[{"href":"https:\/\/www.torniongraniitti.fi\/sv\/wp-json\/wp\/v2\/product"}],"about":[{"href":"https:\/\/www.torniongraniitti.fi\/sv\/wp-json\/wp\/v2\/types\/product"}],"wp:featuredmedia":[{"embeddable":true,"href":"https:\/\/www.torniongraniitti.fi\/sv\/wp-json\/wp\/v2\/media\/20951"}],"wp:attachment":[{"href":"https:\/\/www.torniongraniitti.fi\/sv\/wp-json\/wp\/v2\/media?parent=21084"}],"wp:term":[{"taxonomy":"product_cat","embeddable":true,"href":"https:\/\/www.torniongraniitti.fi\/sv\/wp-json\/wp\/v2\/product_cat?post=21084"},{"taxonomy":"product_tag","embeddable":true,"href":"https:\/\/www.torniongraniitti.fi\/sv\/wp-json\/wp\/v2\/product_tag?post=21084"}],"curies":[{"name":"wp","href":"https:\/\/api.w.org\/{rel}","templated":true}]}}